{"id":9,"date":"2016-01-05T19:05:37","date_gmt":"2016-01-05T18:05:37","guid":{"rendered":"http:\/\/www.montazer.net\/fr\/?page_id=9"},"modified":"2022-11-10T21:44:03","modified_gmt":"2022-11-10T20:44:03","slug":"about","status":"publish","type":"page","link":"https:\/\/www.montazer.net\/fr\/about","title":{"rendered":"L\u00e9gales"},"content":{"rendered":"<div class=\"article-top\"><img loading=\"lazy\" decoding=\"async\" class=\"alignnone size-full wp-image-83\" title=\"Munich, Allemagne, Gare Centrale\" src=\"https:\/\/www.montazer.net\/de\/wp-content\/uploads\/sites\/2\/2016\/06\/IMG_20151011_180520.jpg\" alt=\"Munich, Allemagne, Gare Centrale\" width=\"1170\" height=\"294\" \/><\/div>\n<div class=\"col2 hyphenate\">\n<h2 class=\"hyphenate\">Cette page n&rsquo;a pas encore \u00e9t\u00e9 traduit<\/h2>\n<div class=\"col hyphenate\">\n<p>S&rsquo;il vous pla\u00eet se r\u00e9f\u00e9rer \u00e0 la version allemande<\/p>\n<\/div>\n<\/div>\n","protected":false},"excerpt":{"rendered":"<p>Cette page n&rsquo;a pas encore \u00e9t\u00e9 traduit S&rsquo;il vous pla\u00eet se r\u00e9f\u00e9rer \u00e0 la version allemande<\/p>\n","protected":false},"author":2,"featured_media":60,"parent":0,"menu_order":0,"comment_status":"closed","ping_status":"closed","template":"","meta":{"_acf_changed":false,"footnotes":""},"class_list":["post-9","page","type-page","status-publish","has-post-thumbnail","czr-hentry"],"acf":[],"_links":{"self":[{"href":"https:\/\/www.montazer.net\/fr\/wp-json\/wp\/v2\/pages\/9","targetHints":{"allow":["GET"]}}],"collection":[{"href":"https:\/\/www.montazer.net\/fr\/wp-json\/wp\/v2\/pages"}],"about":[{"href":"https:\/\/www.montazer.net\/fr\/wp-json\/wp\/v2\/types\/page"}],"author":[{"embeddable":true,"href":"https:\/\/www.montazer.net\/fr\/wp-json\/wp\/v2\/users\/2"}],"replies":[{"embeddable":true,"href":"https:\/\/www.montazer.net\/fr\/wp-json\/wp\/v2\/comments?post=9"}],"version-history":[{"count":2,"href":"https:\/\/www.montazer.net\/fr\/wp-json\/wp\/v2\/pages\/9\/revisions"}],"predecessor-version":[{"id":81,"href":"https:\/\/www.montazer.net\/fr\/wp-json\/wp\/v2\/pages\/9\/revisions\/81"}],"wp:featuredmedia":[{"embeddable":true,"href":"https:\/\/www.montazer.net\/fr\/wp-json\/wp\/v2\/media\/60"}],"wp:attachment":[{"href":"https:\/\/www.montazer.net\/fr\/wp-json\/wp\/v2\/media?parent=9"}],"curies":[{"name":"wp","href":"https:\/\/api.w.org\/{rel}","templated":true}]}}