{"id":3,"date":"2015-12-10T19:55:07","date_gmt":"2015-12-10T18:55:07","guid":{"rendered":"http:\/\/www.montazer.net\/fr\/?page_id=3"},"modified":"2023-06-28T17:23:12","modified_gmt":"2023-06-28T15:23:12","slug":"home","status":"publish","type":"page","link":"https:\/\/www.montazer.net\/fr\/","title":{"rendered":"Home"},"content":{"rendered":"<h1 class=\"hyphenate\">Neuland 2.0<\/h1>\n<hr class=\"featurette-divider\">\n<div class=\"article-top\"><img loading=\"lazy\" decoding=\"async\" class=\"alignnone size-full wp-image-83\" src=\"https:\/\/www.montazer.net\/de\/wp-content\/uploads\/sites\/2\/2016\/11\/IMG_20160930_152250.jpg\" alt=\"Hellabrunn, Zoo de Munich, Pingouin cicadelle du Nord\" width=\"1170\" height=\"294\" title=\"Hellabrunn, Zoo de Munich, Pingouin cicadelle du Nord\" \/><\/div>\n<h2 class=\"hyphenate\">Nous sommes l&rsquo;Internet<\/h2>\n<div class=\"col hyphenate\">\n<h3>Territoire inconnue ? De quoi parles-tu ?<\/h3>\n<p>Le terme de \u00ab\u00a0terre inconnue\u00a0\u00bb dans le contexte d&rsquo;Internet est, pour le dire gentiment, plut\u00f4t os\u00e9. Pour illustrer l&rsquo;absurdit\u00e9 de telles d\u00e9clarations, il suffit de jeter <a href=\"https:\/\/duckduckgo.com\/?q=Utilisateurs+d%27Internet+en+Allemagne+2013&amp;t=ffab&amp;ia=web\" target=\"_blank\">un coup d&rsquo;\u0153il aux chiffres<\/a>. Tout ce discours sur la nouveaut\u00e9 peut donc \u00eatre class\u00e9 sans risque dans la rubrique \u00ab\u00a0<a href=\"https:\/\/fr.wikipedia.org\/wiki\/Novlangue\" target=\"_blank\">novlangue<\/a>\u00ab\u00a0, du moins depuis sa premi\u00e8re diffusion par Angela Merkel. Regarde <a href=\"https:\/\/media.ccc.de\/v\/25c3-2860-de-neusprech_im_berwachungsstaat\" target=\"_blank\">ici<\/a>, <a href=\"https:\/\/media.ccc.de\/v\/33c3-8037-die_sprache_der_populisten\" target=\"_blank\">ici<\/a> et <a href=\"https:\/\/media.ccc.de\/v\/32c3-7150-nach_bestem_wissen_und_gewissen_floskeln_in_der_politik\" target=\"_blank\">ici<\/a>. Peu importe. Pour ma part, mes premi\u00e8res exp\u00e9riences num\u00e9riques remontent, autant que je m&rsquo;en souvienne, \u00e0 la fin des ann\u00e9es 1970, alors que j&rsquo;\u00e9tais encore \u00e9tudiant en option informatique avec, entre autres, la programmation en BASIC. Mon enthousiasme initial pour le traitement \u00e9lectronique des donn\u00e9es (TED en abr\u00e9g\u00e9) s&rsquo;est toutefois dissip\u00e9 au bout d&rsquo;un an environ, par crainte que ces machines ne d\u00e9truisent des millions d&#8217;emplois dans un avenir proche. Lorsque, au milieu des ann\u00e9es 1980, je suis devenu par hasard propri\u00e9taire d&rsquo;un ordinateur personnel <a href=\"https:\/\/fr.wikipedia.org\/wiki\/Amstrad_PCW\" target=\"_blank\">Amstrad PCW \/ Schneider<\/a>, mon attitude vis-\u00e0-vis de l&rsquo;informatique a de nouveau chang\u00e9. J&rsquo;ai commenc\u00e9 \u00e0 m&rsquo;int\u00e9resser de plus pr\u00e8s aux m\u00e9dias num\u00e9riques au milieu des ann\u00e9es 1990. C&rsquo;est pourquoi je me sens \u00e0 l&rsquo;aise dans toute une s\u00e9rie de domaines informatiques diff\u00e9rents. Enfin, j&rsquo;ai continuellement acquis, d\u00e9velopp\u00e9 et approfondi ces connaissances avant, pendant et apr\u00e8s mes \u00e9tudes, dans le cadre de mon travail et de diverses formations continues. D\u00e8s le d\u00e9but, j&rsquo;ai port\u00e9 une attention particuli\u00e8re \u00e0 tous les sujets li\u00e9s \u00e0 Internet, qui, comme chacun sait, rassemble une multitude de comp\u00e9tences, de techniques et de disciplines.<\/p>\n<h3>Tu n&rsquo;es pas seul<\/h3>\n<p>Ma curiosit\u00e9 m&rsquo;a \u00e9galement oblig\u00e9 \u00e0 remettre en question mes propres points de vue encore et encore.<br \/>\nDe nombreuses r\u00e9ponses que j&rsquo;ai d\u00e9couvertes au cours de mes voyages sur Internet (c&rsquo;est-\u00e0-dire sur le World-Wide-Web, le Deep-Web et le Dark-Web) ont confirm\u00e9 certaines de mes suppositions, \u00e9valuations et <a href=\"https:\/\/www-theatlantic-com.translate.goog\/magazine\/archive\/2016\/05\/why-luck-matters-more-than-you-might-think\/476394\/?_x_tr_sl=en&amp;_x_tr_tl=fr\" target=\"_blank\">imaginations<\/a> sur des <a href=\"https:\/\/www-theatlantic-com.translate.goog\/magazine\/archive\/2016\/05\/why-luck-matters-more-than-you-might-think\/476394\/?_x_tr_sl=en&amp;_x_tr_tl=fr\" target=\"_blank\">questions<\/a> importantes de la vie. Mais ils ont aussi renforc\u00e9 la certitude de ce qui <a href=\"https:\/\/www.un.org\/fr\/about-us\/universal-declaration-of-human-rights\" target=\"_blank\">compte \u00e0 la fin<\/a>, notamment parce que la raison l&rsquo;exige.<br \/>\nSur Internet aussi, il faut donc mieux conna\u00eetre ses <a href=\"https:\/\/www.amazon.fr\/Security-Warrior-anglais-Cyrus-Peikari\/dp\/0596005458\/\" target=\"_blank\">ennemis<\/a>, sinon tous les mondes color\u00e9s du web, les e-mails, les documents, les comptes et les mots de passe pourraient \u00eatre rapidement <a href=\"https:\/\/www.informationisbeautiful.net\/visualizations\/worlds-biggest-data-breaches-hacks\/\" target=\"_blank\">crack\u00e9s<\/a>, donc perdus, euh  &hellip;, sont entre de <a href=\"https:\/\/www-craigmurray-org-uk.translate.goog\/archives\/2016\/04\/corporate-media-gatekeepers-protect-western-1-from-panama-leak\/?_x_tr_sl=en&amp;_x_tr_tl=fr&amp;_x_tr_hl=fr&amp;_x_tr_pto=wapp\" target=\"_blank\">mauvaises<\/a> ou <a href=\"https:\/\/wikileaks.org\/the-gifiles-fr.html\" target=\"_blank\"><del datetime=\"2022-11-12T17:40:18+00:00\">d&rsquo;autres<\/del><\/a> <a href=\"https:\/\/web.archive.org\/web\/20220626070815\/https:\/\/wikileaks.org\/the-gifiles-fr.html\" target=\"_blank\"><ins datetime=\"2022-11-12T17:40:18+00:00\">d&rsquo;autres<\/ins><\/a> mains, <a href=\"https:\/\/www-heise-de.translate.goog\/security\/meldung\/Website-von-Bundesinnenminister-Schaeuble-gehackt-211400.html?_x_tr_sl=de&amp;_x_tr_tl=fr&amp;_x_tr_hl=de&amp;_x_tr_pto=wapp\" target=\"_blank\">manipul\u00e9es<\/a> ou tout simplement perdues. Mais gr\u00e2ce aux logiciels libres, presque tout le monde peut aujourd&rsquo;hui communiquer avec le monde sans forc\u00e9ment poss\u00e9der des connaissances informatiques approfondies ou m\u00eame son propre <a href=\"https:\/\/duckduckgo.com\/?t=ffab&amp;q=La+dictature+du+capital.+La+perte+de+souverainet%C3%A9+%C3%A0+l%27%C3%A8re+post-d%C3%A9mocratique.&amp;ia=web\" target=\"_blank\">empire<\/a> m\u00e9diatique &#8211; <a href=\"https:\/\/www.statista.com\/statistics\/262886\/illiteracy-rates-by-world-regions\/\" target=\"_blank\">c&rsquo;est du moins la th\u00e9orie<\/a>.\n<\/div>\n<h2 class=\"hyphenate\">Internet === Logiciel libre<\/h2>\n<div class=\"col hyphenate\">\n<h3><span class=\" bs-popover\" title=\"Free\/Libre Open Source Software\" data-toggle=\"popover\" data-content=\"<strong>Free and open-source software (F\/OSS&#44; FOSS)<\/strong> ou <strong>free\/libre\/open-source software (FLOSS)<\/strong> sont des expressions inclusives&#44; rassemblant \u00e0 la fois les <a href='https:\/\/fr.wikipedia.org\/wiki\/Logiciel_libre' target='_blank'>logiciels libres<\/a> et les <a href='https:\/\/fr.wikipedia.org\/wiki\/Open_Source' target='_blank'>logiciels \u00e0 code source ouvert<\/a>&#44; qui malgr\u00e9 des cultures et des <a href='https:\/\/fr.wikipedia.org\/wiki\/Philosophie' target='_blank'>philosophies<\/a> divergentes ont des mod\u00e8les de <a href='https:\/\/fr.wikipedia.org\/wiki\/D%C3%A9veloppement_logiciel' target='_blank'>d\u00e9veloppement logiciel<\/a> similaires. Ces expressions permettent de d\u00e9signer globalement le type particulier de logiciels produits par ce mod\u00e8le de d\u00e9veloppement logiciel sp\u00e9cifique (par opposition aux mod\u00e8les des logiciels propri\u00e9taires)&#44; en mettant de c\u00f4t\u00e9 les divergences philosophiques qui existent au sein de ce courant (le mouvement original du logiciel libre insistant davantage sur le concept de libert\u00e9&#44; au sens philosophique et socio-politique&#44; tandis que le mouvement des logiciels \u00e0 code source ouvert s'est diff\u00e9renci\u00e9 de son parent en insistant plus sur l'aspect technique et pratique du d\u00e9veloppement ouvert et collectif).<\/p>\n<p class='quelle'>Texte bas\u00e9 sur l'article de Wikipedia <a href='https:\/\/fr.wikipedia.org\/wiki\/Free\/Libre_Open_Source_Software' target='_blank'>Free\/Libre Open Source Software<\/a>. <a href='https:\/\/fr.wikipedia.org\/w\/index.php?title=Free\/Libre_Open_Source_Software&amp;action=history' target='_blank'>Liste des auteurs<\/a>. Lizenz: <a href='http:\/\/creativecommons.org\/licenses\/by-sa\/3.0\/fr\/legalcode' target='_blank'>CC-BY-SA 3.0<\/a>&#44; (<a href='https:\/\/creativecommons.org\/licenses\/by-sa\/3.0\/deed.fr' target='_blank'>R\u00e9sum\u00e9<\/a>).\" data-animation=\"true\" data-placement=\"top\" data-html=\"true\">FLOSS<\/span>, quoi d&rsquo;autre<\/h3>\n<p>L&rsquo;ensemble de l&rsquo;offre web sur montazer.net est cr\u00e9\u00e9 et exploit\u00e9 exclusivement avec des logiciels libres, concr\u00e8tement avec Devuan GNU\/Linux\u00ae en tant que fork de Debian GNU\/Linux\u00ae, la distribution universelle GNU\/Linux\u00ae dominante dans le monde, Gnome, Cinnamon et KDE en tant qu&rsquo;environnement de bureau ou i3 en tant que gestionnaire des fen\u00eatres, Apache en tant que serveur web, Mozilla Firefox et Chromium (avec technologie WebRTC int\u00e9gr\u00e9e), epiphany, etc. pp. et, exceptionnellement et exclusivement \u00e0 des fins de test, Opera, Safari et IE, y compris toute une s\u00e9rie de plug-ins et d&rsquo;extensions, comme par exemple diverses extensions (entre autres Firebug avec les extensions Firebug, validateur(s) HTML, NoScript uMatrix, RequestPolicy, UserAgentSwitcher, Ghostery, etc. pour Firefox et Chromium, mais aussi les outils de d\u00e9veloppement int\u00e9gr\u00e9s dans les navigateurs respectifs) en tant que clients web graphiques, ou lynx, links2, elinks, w3m en tant que clients web bas\u00e9s sur le texte, c&rsquo;est-\u00e0-dire des navigateurs web. En outre, MySQL ou MariaDB et PostgreSQL comme serveur de base de donn\u00e9es ou SGBD, VIM comme \u00e9diteur de texte extr\u00eamement polyvalent et utilisable sur toutes les plateformes pertinentes, si n\u00e9cessaire par SSH en combinaison avec GNU tmux sur le shell Bash vraiment tr\u00e8s appr\u00e9ci\u00e9, GIMP pour le traitement d&rsquo;images, en outre des syst\u00e8mes de gestion de contenu (CMS) libres \u00e0 acc\u00e8s public ou limit\u00e9, dont Drupal, Contao, WordPress, MediaWiki et OwnCloud ou NextCloud, LibreOffice, Lyx, etc. pour la cr\u00e9ation, l&rsquo;\u00e9dition et la conversion de documents, entre autres pour les documents PDF sans barri\u00e8res, qui peuvent aussi contenir les donn\u00e9es sources au format standardis\u00e9 ODT, qui existe depuis 2006 en tant que norme ISO reconnue internationalement. Scribus couvre le domaine de la PAO, blender couvre le domaine du graphisme 3D professionnel, des animations et de la r\u00e9alit\u00e9 virtuelle, Inkscape pour les graphiques vectoriels, etc. etc. &hellip;<\/p>\n<h3>\u00c7a ne peut pas \u00eatre plus court?<\/h3>\n<p>Eh bien, oui et non. J&rsquo;\u00e9tais sur le point de suivre la tendance des nombreuses GIF anim\u00e9s color\u00e9es et des quelques textes \u00e0 la buzzfeed.com, mais j&rsquo;ai finalement renonc\u00e9. Enfin, je ne poursuis aucun objectif commercial avec le contenu de montazer.net, ce qui me donne la libert\u00e9 de ne pas toujours devoir suivre l&rsquo;air du temps. Cela signifie que montazer.net publie exclusivement des contenus sur des sujets qui m&rsquo;int\u00e9ressent personnellement, ce qui implique forc\u00e9ment que je r\u00e9v\u00e8le beaucoup de choses sur ma personne. Avec un peu de chance, il pourrait m\u00eame en r\u00e9sulter quelques bonnes id\u00e9es et connaissances que nous pourrions partager ensemble. Apr\u00e8s tout, le monde continue de tourner. Mais la question de savoir comment le quatri\u00e8me pouvoir \u00e9voluera avec le journalisme de demain d\u00e9pendra aussi de l&rsquo;engagement des citoyens, c&rsquo;est-\u00e0-dire de nous tous. S&rsquo;exprimer publiquement et faire ainsi partie du processus de formation de l&rsquo;opinion publique est IMHO un \u00e9l\u00e9ment essentiel des syst\u00e8mes pr\u00e9\/d\u00e9mocratiques.<\/p>\n<h3>\u00c9tait-ce tout?<\/h3>\n<p>Pour l&rsquo;instant, oui. Plus d&rsquo;informations dans les articles correspondants. ^^<br \/>\n\u00c0 propos: Celui qui comprend la citation suivante comprend aussi mon humour.<\/p>\n<blockquote cite=\"http:\/\/www.quotez.net\/german\/groucho_marx.htm\">\n<p>Je n&rsquo;oublie jamais un visage &#8211; mais dans votre cas, je ferai une exception.<\/p>\n<p><cite><a href=\"http:\/\/www.quotez.net\/german\/groucho_marx.htm\" target=\"_blank\">Groucho Marx<\/a><\/cite><\/p><\/blockquote>\n<div class=\"fancybox-hidden\">\n<div id=\"fancyboxID-1\" class=\"hentry\" style=\"width: 500px;max-width: 100%\">\n<!--[if lt IE 9]><script>document.createElement('audio');<\/script><![endif]-->\n<audio class=\"wp-audio-shortcode\" id=\"audio-3-1\" preload=\"none\" style=\"width: 100%;\" controls=\"controls\"><source type=\"audio\/mpeg\" src=\"https:\/\/www.montazer.net\/de\/wp-content\/uploads\/sites\/2\/2016\/02\/aehhm.mp3?_=1\" \/><source type=\"audio\/ogg\" src=\"https:\/\/www.montazer.net\/de\/wp-content\/uploads\/sites\/2\/2016\/02\/aehhm.ogg?_=1\" \/><source type=\"audio\/mpeg\" src=\"https:\/\/www.montazer.net\/de\/wp-content\/uploads\/sites\/2\/2016\/02\/aehhm.m4a?_=1\" \/><a href=\"https:\/\/www.montazer.net\/de\/wp-content\/uploads\/sites\/2\/2016\/02\/aehhm.mp3\">https:\/\/www.montazer.net\/de\/wp-content\/uploads\/sites\/2\/2016\/02\/aehhm.mp3<\/a><\/audio>\n<\/div>\n<\/div>\n<\/div>\n<h2 class=\"hyphenate\">&hellip; l\u00e0 o\u00f9 tout a commenc\u00e9<\/h2>\n<div class=\"col hyphenate\">\n<h3>et vers quoi il \u00e9volue &hellip;<\/h3>\n<ul>\n<li>Syst\u00e8mes d&rsquo;exploitation\n<ul>\n<li><a href=\"https:\/\/www.gnu.org\/\" target=\"_blank\"><abbr lang=\"en\">GNU<\/abbr><\/a><a href=\"https:\/\/www.gnu.org\/prep\/standards\/html_node\/Trademarks.html\" target=\"_blank\"><sup>!TM<\/sup><\/a>\/<a href=\"https:\/\/www.kernel.org\/\" target=\"_blank\">Linux<\/a><sup>\u00ae<\/sup><\/li>\n<li><del datetime=\"2022-11-06T19:29:42+00:00\">macOS<\/del><sup>\u00ae<\/sup>;<\/li>\n<li><del datetime=\"2022-11-06T19:29:42+00:00\">Microsoft<\/del><sup>\u00ae<\/sup> <del datetime=\"2022-11-06T19:29:42+00:00\">Windows<\/del><sup>\u00ae<\/sup><\/li>\n<\/ul>\n<\/li>\n<li>Virtualisation, entre autres\n<ul>\n<li>VMware<sup>\u00ae<\/sup><\/li>\n<li>Xen<sup>\u00ae<\/sup><\/li>\n<li><abbr><a href=\"https:\/\/fr.wikipedia.org\/w\/index.php?title=Kernel-based_Virtual_Machine&amp;oldid=196497385\" target=\"_blank\" title=\"Kernel Virtual Machine\">KVM<\/a><\/abbr><\/li>\n<li><a href=\"https:\/\/fr.wikipedia.org\/w\/index.php?title=Oracle_VM_VirtualBox&amp;oldid=194259734\" target=\"_blank\">VirtualBox<\/a><sup>\u00ae<\/sup><\/li>\n<li><a href=\"https:\/\/fr.wikipedia.org\/w\/index.php?title=Docker_(logiciel)&amp;oldid=198583063\" target=\"_blank\">Docker<\/a><sup>\u00ae<\/sup><\/li>\n<\/ul>\n<\/li>\n<li>r\u00e9seaux h\u00e9t\u00e9rog\u00e8nes\/li&gt;\n<li>Architecture <span lang=\"en\">Client-Server<\/span><\/li>\n<li>Applications bureautiques<br \/>(<del datetime=\"2022-11-06T19:34:33+00:00\">migration de MS Office vers OpenOffice\/<\/del>LibreOffice)<\/li>\n<li>applications cr\u00e9atives<br \/>(<del datetime=\"2022-11-06T19:34:33+00:00\">migration de Corel, Adobe, Quark, etc. vers<\/del> des <span lang=\"en\">Open Source<\/span> solutions open source pour le pr\u00e9presse professionnel)<\/li>\n<li>Publication assist\u00e9e par ordinateur (<abbr lang=\"fr\">PAO<\/span>)<\/li>\n<li>Outils pour la ligne de commande ou les scripts Bash : entre autres VI(M), (*)grep, sed, lsof, ps, (*)top, (*)diff, ssh, scp, rsync, dirvish, vagrant, mysql(*), php(-cli), make, tar, dd, dump, ddrescue, git, gpg, ifconfig, ip, netstat, route, traceroute, nmap, man,  &hellip; etc.  &hellip;<\/li>\n<li>Multiplexeur de terminal: <a href=\"https:\/\/fr.wikipedia.org\/w\/index.php?title=Tmux&amp;oldid=782975617\" target=\"_blank\">tmux<\/a><\/li>\n<li>Cryptage des donn\u00e9es, trans&shy;mis&shy;sion cryp&shy;t\u00e9e des don&shy;n\u00e9es<br \/>Conseil: <a href=\"https:\/\/www.bsi.bund.de\/SharedDocs\/Downloads\/DE\/BSI\/Mindeststandards\/Mindeststandard_BSI_TLS_1_2_Version_1_0.pdf\" target=\"_blank\">normes minimales raisonnables<\/a><\/li>\n<li>Conception et d\u00e9veloppement web (<a href=\"https:\/\/fr.wikipedia.org\/wiki\/HTML5\" target=\"_blank\"><abbr lang=\"fr\">HTML<\/abbr><\/a>, <a href=\"https:\/\/fr.wikipedia.org\/wiki\/Cascading_Style_Sheets\" target=\"_blank\"><abbr lang=\"fr\">CSS<\/abbr><\/a>, <a href=\"https:\/\/fr.wikipedia.org\/wiki\/Document_Object_Model\" target=\"_blank\"><abbr lang=\"en\">DOM<\/abbr><\/a>, <a href=\"https:\/\/fr.wikipedia.org\/wiki\/Extensible_Markup_Language\" target=\"_blank\"><abbr lang=\"en\">XML<\/abbr><\/a>, <a href=\"https:\/\/fr.wikipedia.org\/wiki\/JavaScript_Object_Notation\" target=\"_blank\"><abbr lang=\"en\">JSON<\/abbr><\/a>)<\/li>\n<li>Programmation (Bash, <a href=\"https:\/\/fr.wikipedia.org\/wiki\/PHP\" target=\"_blank\"><abbr lang=\"fr\">PHP<\/abbr><\/a>, <a href=\"https:\/\/fr.wikipedia.org\/wiki\/JavaScript\" target=\"_blank\" lang=\"en\">JavaScript<\/a>, <a href=\"https:\/\/fr.wikipedia.org\/wiki\/SQL\" target=\"_blank\"><abbr lang=\"en\">SQL<\/abbr><\/a>)<\/li>\n<li>syst\u00e8mes de gestion de base de donn\u00e9es (MySQL\/MariaDB, Postgre&shy;SQL)<\/li>\n<li>divers <a href=\"https:\/\/fr.wikipedia.org\/wiki\/Syst%C3%A8me_de_gestion_de_contenu\" target=\"_blank\">syst\u00e8mes de gestion de contenu<\/a> (<abbr>CMS<\/abbr>)<\/span><\/li>\n<li>diverses mesures de protection telles que\n<ul>\n<li>syst\u00e8mes de pare-feu professionnels<br \/>\u00e9galement dans le domaine Embeded<\/li>\n<li>Fsyst\u00e8mes d&rsquo;alerte pr\u00e9coce et de d\u00e9tection d&rsquo;intrusion (<a href=\"https:\/\/fr.wikipedia.org\/wiki\/Syst%C3%A8me_de_d%C3%A9tection_d%27intrusion\" target=\"_blank\"><abbr lang=\"en\">IDS<\/abbr><\/a> bzw. <a href=\"https:\/\/fr.wikipedia.org\/wiki\/Syst%C3%A8me_de_pr%C3%A9vention_d%27intrusion\" target=\"_blank\"><abbr lang=\"en\">IPS<\/abbr><\/a>)<\/li>\n<li>Proc\u00e9dures de maintenance \u00e0 distance<\/li>\n<\/ul>\n<\/li>\n<li>et bien s\u00fbr tout ce qui est pertinent pour l&rsquo;Internet\n<ul>\n<li>divers protocoles de communication<\/li>\n<li>proc\u00e9dures de cryptage<\/li>\n<li>services de serveur (<a href=\"https:\/\/fr.wikipedia.org\/wiki\/D%C3%A9mon\" target=\"_blank\">d\u00e9mons<\/a>)<\/li>\n<li>etc. pp.<\/li>\n<li>et bien plus encore<\/li>\n<\/ul>\n<\/li>\n<li><a href=\"https:\/\/ganeti.org\/\">Ganeti<\/a> (un outil de gestion de cluster de machines virtuelles)<\/li>\n<li><a href=\"https:\/\/fr.wikipedia.org\/wiki\/OpenLDAP\" target=\"_blank\">OpenLDAP<\/a><\/li>\n<li>et pas de fin en vue<\/li>\n<li>la <a class=\"fancybox-youtube\" href=\"https:\/\/www.youtube.com\/watch?v=jw8K460vx1c\" target=\"_blank\" title=\"Revolution OS\">r\u00e9volution<\/a> continue<\/li>\n<\/ul>\n<\/div>\n","protected":false},"excerpt":{"rendered":"<p>Neuland 2.0 Nous sommes l&rsquo;Internet Territoire inconnue ? De quoi parles-tu ? Le terme de \u00ab\u00a0terre inconnue\u00a0\u00bb dans le contexte d&rsquo;Internet est, pour le dire gentiment, plut\u00f4t os\u00e9. Pour illustrer l&rsquo;absurdit\u00e9 de telles d\u00e9clarations, il suffit de jeter un coup d&rsquo;\u0153il aux chiffres. Tout ce discours sur la nouveaut\u00e9 peut donc \u00eatre class\u00e9 sans risque [&hellip;]<\/p>\n","protected":false},"author":2,"featured_media":51,"parent":0,"menu_order":0,"comment_status":"closed","ping_status":"closed","template":"","meta":{"_acf_changed":false,"footnotes":""},"class_list":["post-3","page","type-page","status-publish","has-post-thumbnail","czr-hentry"],"acf":[],"_links":{"self":[{"href":"https:\/\/www.montazer.net\/fr\/wp-json\/wp\/v2\/pages\/3","targetHints":{"allow":["GET"]}}],"collection":[{"href":"https:\/\/www.montazer.net\/fr\/wp-json\/wp\/v2\/pages"}],"about":[{"href":"https:\/\/www.montazer.net\/fr\/wp-json\/wp\/v2\/types\/page"}],"author":[{"embeddable":true,"href":"https:\/\/www.montazer.net\/fr\/wp-json\/wp\/v2\/users\/2"}],"replies":[{"embeddable":true,"href":"https:\/\/www.montazer.net\/fr\/wp-json\/wp\/v2\/comments?post=3"}],"version-history":[{"count":7,"href":"https:\/\/www.montazer.net\/fr\/wp-json\/wp\/v2\/pages\/3\/revisions"}],"predecessor-version":[{"id":126,"href":"https:\/\/www.montazer.net\/fr\/wp-json\/wp\/v2\/pages\/3\/revisions\/126"}],"wp:featuredmedia":[{"embeddable":true,"href":"https:\/\/www.montazer.net\/fr\/wp-json\/wp\/v2\/media\/51"}],"wp:attachment":[{"href":"https:\/\/www.montazer.net\/fr\/wp-json\/wp\/v2\/media?parent=3"}],"curies":[{"name":"wp","href":"https:\/\/api.w.org\/{rel}","templated":true}]}}