{"id":14,"date":"2016-01-05T19:07:20","date_gmt":"2016-01-05T18:07:20","guid":{"rendered":"http:\/\/www.montazer.net\/fr\/?page_id=14"},"modified":"2017-09-03T20:56:48","modified_gmt":"2017-09-03T18:56:48","slug":"accessibility","status":"publish","type":"page","link":"https:\/\/www.montazer.net\/fr\/accessibility","title":{"rendered":"Accessibilit\u00e9"},"content":{"rendered":"<div class=\"article-top\"><img loading=\"lazy\" decoding=\"async\" class=\"alignnone size-full wp-image-83\" src=\"https:\/\/www.montazer.net\/de\/wp-content\/uploads\/sites\/2\/2016\/06\/IMG_20160410_154008.jpg\" alt=\"M\u00fcnchen, Park &#038; Ride U-Bahn Aidenbachstra\u00dfe\" width=\"1170\" height=\"294\" title=\"Munich, Allemagne, Park &#038; Ride M\u00e9tro, Aidenbachstra\u00dfe\" \/><\/div>\n<h2 class=\"hyphenate\">Cette page n&rsquo;a pas encore \u00e9t\u00e9 traduit<\/h2>\n<div class=\"col hyphenate\">\n<p>S&rsquo;il vous pla\u00eet se r\u00e9f\u00e9rer \u00e0 la version allemande<\/p>\n<\/div>\n","protected":false},"excerpt":{"rendered":"<p>Cette page n&rsquo;a pas encore \u00e9t\u00e9 traduit S&rsquo;il vous pla\u00eet se r\u00e9f\u00e9rer \u00e0 la version allemande<\/p>\n","protected":false},"author":2,"featured_media":62,"parent":0,"menu_order":0,"comment_status":"closed","ping_status":"closed","template":"","meta":{"_acf_changed":false,"footnotes":""},"class_list":["post-14","page","type-page","status-publish","has-post-thumbnail","czr-hentry"],"acf":[],"_links":{"self":[{"href":"https:\/\/www.montazer.net\/fr\/wp-json\/wp\/v2\/pages\/14","targetHints":{"allow":["GET"]}}],"collection":[{"href":"https:\/\/www.montazer.net\/fr\/wp-json\/wp\/v2\/pages"}],"about":[{"href":"https:\/\/www.montazer.net\/fr\/wp-json\/wp\/v2\/types\/page"}],"author":[{"embeddable":true,"href":"https:\/\/www.montazer.net\/fr\/wp-json\/wp\/v2\/users\/2"}],"replies":[{"embeddable":true,"href":"https:\/\/www.montazer.net\/fr\/wp-json\/wp\/v2\/comments?post=14"}],"version-history":[{"count":0,"href":"https:\/\/www.montazer.net\/fr\/wp-json\/wp\/v2\/pages\/14\/revisions"}],"wp:featuredmedia":[{"embeddable":true,"href":"https:\/\/www.montazer.net\/fr\/wp-json\/wp\/v2\/media\/62"}],"wp:attachment":[{"href":"https:\/\/www.montazer.net\/fr\/wp-json\/wp\/v2\/media?parent=14"}],"curies":[{"name":"wp","href":"https:\/\/api.w.org\/{rel}","templated":true}]}}