{"id":13,"date":"2016-01-05T19:06:38","date_gmt":"2016-01-05T18:06:38","guid":{"rendered":"http:\/\/www.montazer.net\/fr\/?page_id=13"},"modified":"2017-09-03T19:23:14","modified_gmt":"2017-09-03T17:23:14","slug":"privacy","status":"publish","type":"page","link":"https:\/\/www.montazer.net\/fr\/privacy","title":{"rendered":"Confidentialit\u00e9"},"content":{"rendered":"<div class=\"article-top\"><img loading=\"lazy\" decoding=\"async\" class=\"alignnone size-full wp-image-83\" src=\"https:\/\/www.montazer.net\/de\/wp-content\/uploads\/sites\/2\/2016\/06\/IMG_20151109_112113.jpg\" alt=\"M\u00fcnchen, Bavaria mit Ruhmeshalle\" width=\"1170\" height=\"294\" title=\"Munich, Allemagne, Bavaria avec la Temple de la Renomm\u00e9e\" \/><\/div>\n<h2 class=\"hyphenate\">Cette page n&rsquo;a pas encore \u00e9t\u00e9 traduit<\/h2>\n<div class=\"col hyphenate\">\n<p>S&rsquo;il vous pla\u00eet se r\u00e9f\u00e9rer \u00e0 la version allemande<\/p>\n<\/div>\n","protected":false},"excerpt":{"rendered":"<p>Cette page n&rsquo;a pas encore \u00e9t\u00e9 traduit S&rsquo;il vous pla\u00eet se r\u00e9f\u00e9rer \u00e0 la version allemande<\/p>\n","protected":false},"author":2,"featured_media":61,"parent":0,"menu_order":0,"comment_status":"closed","ping_status":"closed","template":"","meta":{"_acf_changed":false,"footnotes":""},"class_list":["post-13","page","type-page","status-publish","has-post-thumbnail","czr-hentry"],"acf":[],"_links":{"self":[{"href":"https:\/\/www.montazer.net\/fr\/wp-json\/wp\/v2\/pages\/13","targetHints":{"allow":["GET"]}}],"collection":[{"href":"https:\/\/www.montazer.net\/fr\/wp-json\/wp\/v2\/pages"}],"about":[{"href":"https:\/\/www.montazer.net\/fr\/wp-json\/wp\/v2\/types\/page"}],"author":[{"embeddable":true,"href":"https:\/\/www.montazer.net\/fr\/wp-json\/wp\/v2\/users\/2"}],"replies":[{"embeddable":true,"href":"https:\/\/www.montazer.net\/fr\/wp-json\/wp\/v2\/comments?post=13"}],"version-history":[{"count":0,"href":"https:\/\/www.montazer.net\/fr\/wp-json\/wp\/v2\/pages\/13\/revisions"}],"wp:featuredmedia":[{"embeddable":true,"href":"https:\/\/www.montazer.net\/fr\/wp-json\/wp\/v2\/media\/61"}],"wp:attachment":[{"href":"https:\/\/www.montazer.net\/fr\/wp-json\/wp\/v2\/media?parent=13"}],"curies":[{"name":"wp","href":"https:\/\/api.w.org\/{rel}","templated":true}]}}