{"id":50,"date":"2016-01-04T12:11:45","date_gmt":"2016-01-04T11:11:45","guid":{"rendered":"http:\/\/www.montazer.net\/de\/?page_id=50"},"modified":"2025-07-25T22:28:14","modified_gmt":"2025-07-25T20:28:14","slug":"accessibility","status":"publish","type":"page","link":"https:\/\/www.montazer.net\/de\/accessibility","title":{"rendered":"Barrierefreiheit"},"content":{"rendered":"<div class=\"article-top\"><img loading=\"lazy\" decoding=\"async\" class=\"alignnone size-full wp-image-83\" src=\"https:\/\/www.montazer.net\/de\/wp-content\/uploads\/sites\/2\/2016\/06\/IMG_20160410_154008.jpg\" alt=\"M\u00fcnchen, Park &#038; Ride U-Bahn Aidenbachstra\u00dfe\" width=\"1170\" height=\"294\" title=\"M\u00fcnchen, Park &#038; Ride U-Bahn, Aidenbachstra\u00dfe\" \/><\/div>\n<h2 class=\"hyphenate\">Barrierefreiheit im Internet<\/h2>\n<div class=\"col hyphenate\">\n<h3>Barrierefreiheit in der Praxis<\/h3>\n<p><a href=\"https:\/\/de.wikipedia.org\/wiki\/Barrierefreies_Internet\" target=\"_blank\">Barrierefreies Internet<\/a> betrifft nicht nur Menschen mit Behinderungen. Es ist vielmehr ein Ansatz, Informationen jeglicher Art barrierefrei, also ohne H\u00fcrden, welcher Art auch immer, allen Menschen, aber auch Machinen, auf allen erdenklichen Endger\u00e4ten gleicherma\u00dfen zug\u00e4nglich zu machen. D.h. also auch, da\u00df der Zugang zu den bereitgestellten Informationen auf den unterschiedlichsten Ger\u00e4ten m\u00f6glich sein mu\u00df, ohne daf\u00fcr spezialisierte Software, au\u00dfer nat\u00fcrlich eine Zugangssoftware, namentlich einen <a href=\"https:\/\/de.wikipedia.org\/wiki\/Webanwendung\" target=\"_blank\" title=\"Als Webclient wird der Anwendungsteil einer Webanwendung bezeichnet, welcher dem Benutzer in einem Webbrowser angezeigt wird und \u00fcber den Webbrowser bedient werden kann.\" lang=\"en\">Webclient<\/span><\/a> (z.B. <a href=\"https:\/\/de.wikipedia.org\/wiki\/Webbrowser\" title=\"Webbrowser oder allgemein auch Browser (engl. to browse, \u201ast\u00f6bern, schm\u00f6kern, umsehen\u2018, auch \u201aabgrasen\u2018) sind spezielle Computerprogramme zur Darstellung von Webseiten im World Wide Web oder allgemein von Dokumenten und Daten.\" lang=\"en\">Web&shy;brow&shy;ser<\/a>), der den vom <a href=\"https:\/\/www.w3.org\/Consortium\/\" hreflang=\"en\" target=\"_blank\" title=\"Das World Wide Web Consortium (W3C) ist eine internationale Gemeinschaft, in der Mitglieder-Organisationen, Angestellte und die \u00d6ffentlichkeit an der Entwicklung von Web-Standards zusammen arbeiten.\"><abbr lang=\"en\">W3C<\/abbr><\/a> vorgegebenen <a href=\"https:\/\/html5test.com\/\" hreflang=\"en\" target=\"_blank\">Standards<\/a> entspricht, verwenden oder besondere Einstellungen vornehmen zu m\u00fcssen. Sollten Ihnen also die Seiten auf montazer.net bzw. david.montazer.net auf einem 30&#8243;-Monitor ebenso wie auf einem Smartphone oder Tablet mit einem <a href=\"https:\/\/duckduckgo.com\/?q=Best+Browser\" target=\"_blank\">Standard-Browser<\/a> zug\u00e4nglich sein, so sind dadurch u.U. einige Bedingungen, die in der <a href=\"https:\/\/www.w3.org\/Translations\/WCAG20-de\/\" target=\"_blank\" title=\"Die Web Content Accessibility Guidelines (WCAG; englisch f\u00fcr \u201eRichtlinien f\u00fcr barrierefreie Webinhalte\u201c) 2.0 sind eine Empfehlung der Web Accessibility Initiative (WAI) des World Wide Web Consortiums (W3C) zur barrierefreien Gestaltung der Inhalte von Internetangeboten.\"><abbr lang=\"en\">WCAG 2.0<\/abbr><\/a> definiert wurden, bereits erf\u00fcllt.<\/p>\n<p>Da\u00df ich als Einzelperson mit beschr\u00e4nkten Resourcen (Zeit, finanzielle Mittel, etc.) nicht jeden einzelnen Aspekt der <a href=\"https:\/\/www.w3.org\/Translations\/WCAG20-de\/\" target=\"_blank\" title=\"Die Web Content Accessibility Guidelines (WCAG; englisch f\u00fcr \u201eRichtlinien f\u00fcr barrierefreie Webinhalte\u201c) 2.0 sind eine Empfehlung der Web Accessibility Initiative (WAI) des World Wide Web Consortiums (W3C) zur barrierefreien Gestaltung der Inhalte von Internetangeboten.\"><abbr lang=\"en\">WCAG 2.0<\/abbr><\/a>-, bzw. der <a href=\"https:\/\/de.wikipedia.org\/wiki\/Barrierefreie-Informationstechnik-Verordnung\" target=\"_blank\" title=\"Die Verordnung zur Schaffung barrierefreier Informationstechnik nach dem Behindertengleichstellungsgesetz, kurz Barrierefreie-Informationstechnik-Verordnung \u2013 BITV 2.0, ist eine Erg\u00e4nzung des Behindertengleichstellungsgesetzes (BGG) vom 27. April 2002.\"><abbr>BITV 2.0<\/abbr><\/a>-Regeln umsetzen kann, sollte jedem bewu\u00dft sein, der den Aufwand daf\u00fcr \u00fcberschaut. Beispielhaft seien an dieser Stelle zwei Richtlinien genannt, auf welche ich aus besagten Gr\u00fcnden teilweise oder ganz verzichten werde. Die erste Richtlinie betrifft einige Vorgaben f\u00fcr die Bereitstellung von Informationen in <a href=\"http:\/\/www.barrierefreies-webdesign.de\/bitv\/bitv-2.0-leichte-sprache-und-gebaerdensprache.html\" target=\"_blank\" title=\"Leichte Sprache ist eine speziell geregelte sprachliche Ausdrucksweise des Deutschen, die auf besonders leichte Verst\u00e4ndlichkeit abzielt. Ein \u00e4hnliches Konzept ist die weniger strikt geregelte und n\u00e4her an der Standardsprache liegende Einfache Sprache, zu deren Zielgruppe neben Personen mit kognitiven Einschr\u00e4nkungen auch ausdr\u00fccklich Personen z\u00e4hlen, deren Erstsprache nicht Deutsch ist.\">Leichter Sprache<\/a>. Das zweite Beispiel betrifft den Unterpunkt \u201e1.2.6 Geb\u00e4rdensprache\u201c innerhalb der Richtlinie <a href=\"https:\/\/www.w3.org\/Translations\/WCAG20-de\/#media-equiv\" target=\"_blank\">\u201e1.2 Zeitbasierte Medien\u201c<\/a>. Dennoch versuche ich soviele Forderungen wie nur m\u00f6glich zur Minimierung m\u00f6glicher Barrieren aus dem Regelwerk umzusetzen. Sollte dennoch jemand, mit welchem Endger\u00e4t und halbwegs modernem <a href=\"https:\/\/de.wikipedia.org\/wiki\/Webbrowser\" target=\"_blank\">Browser<\/a> auch immer, beim Zugriff auf die Informationen, die auf der Domain montazer.net bzw. der Subdomain david.montazer.net angeboten werden, auf Schwierigkeiten sto\u00dfen, w\u00e4re ich um eine R\u00fcckmeldung sehr dankbar.<\/p>\n<h3>Barrierefreiheit als Qualit\u00e4tsmerkmal<\/h3>\n<p>Betrifft die Barrierefreie-Informationstechnik-Verordnung nur Beh\u00f6rden? Meine Antwort lautet: jein.<br \/>\nH\u00e4lt man sich bei der Erstellung und Pflege seiner Internetangebote an die von der <a href=\"https:\/\/de.wikipedia.org\/wiki\/Web_Accessibility_Initiative\" target=\"_blank\" title=\"Die Web Accessibility Initiative (WAI) ist ein Bereich innerhalb des W3C, in der sich mehrere Arbeitsgruppen und Interessengruppen mit dem barrierefreien Zugang zum Web und seinen Inhalten besch\u00e4ftigen.\"><abbr lang=\"en\">WAI<\/abbr><\/a> herausgegebenen Richtlinien, erh\u00f6ht man damit automatisch die Qualit\u00e4t seiner Online-Angebote sowohl in technicher, als auch in <a href=\"http:\/\/www.einfach-barrierefrei.net\/verstehen\/vorteile\" target=\"_blank\" title=\"Suchmaschinenoptimierung, oder englisch search engine optimization (SEO), bezeichnet Ma\u00dfnahmen, die dazu dienen, dass Webseiten im organischen Suchmaschinenranking in den unbezahlten Suchergebnissen (Natural Listings) auf h\u00f6heren Pl\u00e4tzen erscheinen.\"><abbr lang=\"en\">SEO<\/abbr><\/a>-bezogener <a href=\"http:\/\/searchengineland.com\/download\/seotable\/SearchEngineLand-Periodic-Table-of-SEO-2015.pdf\" hreflang=\"en\" target=\"_blank\">Hinsicht<\/a> und erh\u00f6ht dadurch bereits die Reichweite seiner Angebote um einen <a href=\"https:\/\/www.destatis.de\/DE\/ZahlenFakten\/GesellschaftStaat\/Gesundheit\/Behinderte\/BehinderteMenschen.html\" target=\"_blank\" title=\"Bedeutungen: in deutlicher Weise als wesentlich, wichtig, bedeutend, erheblich, erkennbar\">signifikanten<\/a> <a href=\"http:\/\/fra.europa.eu\/de\/theme\/menschen-mit-behinderungen\" target=\"_blank\">Anteil<\/a>. Durch schlichte Einhaltung der WCAG- bzw. BITV-Regeln wird man au\u00dferdem den Bed\u00fcrfnissen der weiter wachsenden Gruppe mobiler Surfer besser gerecht und verhindert somit diese immer wichtiger werdende Zielgruppe bspw. aus Gr\u00fcnden unzureichender Optimierungen f\u00fcr diese Ger\u00e4te-Kategorie zu vergraulen.<\/p>\n<p>Sp\u00e4testens also, wenn Informationen \u00f6ffentlich zu Verf\u00fcgung gestellt werden, sollte jeder Anbieter das Thema Barrierefreiheit auf seine Priorit\u00e4tenliste setzen.<\/p>\n<\/div>\n","protected":false},"excerpt":{"rendered":"<p>Barrierefreiheit im Internet Barrierefreiheit in der Praxis Barrierefreies Internet betrifft nicht nur Menschen mit Behinderungen. Es ist vielmehr ein Ansatz, Informationen jeglicher Art barrierefrei, also ohne H\u00fcrden, welcher Art auch immer, allen Menschen, aber auch Machinen, auf allen erdenklichen Endger\u00e4ten gleicherma\u00dfen zug\u00e4nglich zu machen. D.h. also auch, da\u00df der Zugang zu den bereitgestellten Informationen auf [&hellip;]<\/p>\n","protected":false},"author":2,"featured_media":220,"parent":0,"menu_order":0,"comment_status":"open","ping_status":"closed","template":"","meta":{"_acf_changed":false,"footnotes":""},"class_list":["post-50","page","type-page","status-publish","has-post-thumbnail","czr-hentry"],"acf":[],"_links":{"self":[{"href":"https:\/\/www.montazer.net\/de\/wp-json\/wp\/v2\/pages\/50","targetHints":{"allow":["GET"]}}],"collection":[{"href":"https:\/\/www.montazer.net\/de\/wp-json\/wp\/v2\/pages"}],"about":[{"href":"https:\/\/www.montazer.net\/de\/wp-json\/wp\/v2\/types\/page"}],"author":[{"embeddable":true,"href":"https:\/\/www.montazer.net\/de\/wp-json\/wp\/v2\/users\/2"}],"replies":[{"embeddable":true,"href":"https:\/\/www.montazer.net\/de\/wp-json\/wp\/v2\/comments?post=50"}],"version-history":[{"count":1,"href":"https:\/\/www.montazer.net\/de\/wp-json\/wp\/v2\/pages\/50\/revisions"}],"predecessor-version":[{"id":908,"href":"https:\/\/www.montazer.net\/de\/wp-json\/wp\/v2\/pages\/50\/revisions\/908"}],"wp:featuredmedia":[{"embeddable":true,"href":"https:\/\/www.montazer.net\/de\/wp-json\/wp\/v2\/media\/220"}],"wp:attachment":[{"href":"https:\/\/www.montazer.net\/de\/wp-json\/wp\/v2\/media?parent=50"}],"curies":[{"name":"wp","href":"https:\/\/api.w.org\/{rel}","templated":true}]}}