{"id":47,"date":"2015-12-27T13:58:39","date_gmt":"2015-12-27T12:58:39","guid":{"rendered":"http:\/\/www.montazer.net\/de\/?page_id=47"},"modified":"2025-07-25T22:27:51","modified_gmt":"2025-07-25T20:27:51","slug":"privacy","status":"publish","type":"page","link":"https:\/\/www.montazer.net\/de\/privacy","title":{"rendered":"Datenschutz"},"content":{"rendered":"<div class=\"article-top\"><img loading=\"lazy\" decoding=\"async\" class=\"alignnone size-full wp-image-83\" src=\"https:\/\/www.montazer.net\/de\/wp-content\/uploads\/sites\/2\/2016\/06\/IMG_20151109_112113.jpg\" alt=\"M\u00fcnchen, Bavaria mit Ruhmeshalle\" width=\"1170\" height=\"294\" title=\"M\u00fcnchen, Bavaria mit Ruhmeshalle\" \/><\/div>\n<h2 class=\"hyphenate\">Schutz personenbezogener Daten<\/h2>\n<div class=\"col hyphenate\">\n<h3>Datenschutz<\/h3>\n<p>Mit dieser Datenschutzerkl\u00e4rung unterrichte ich Sie gem\u00e4\u00df <a href=\"https:\/\/dejure.org\/gesetze\/TMG\/13.html\" target=\"_blank\">\u00a7&nbsp;13 TMG<\/a> \u00fcber Art, Umfang und Zweck der Erhebung und Verwendung personenbezogener Daten sowie \u00fcber die Verarbeitung Ihrer Daten. Mit der Nutzung meines Website-Angebotes erkl\u00e4ren Sie Ihr Einverst\u00e4ndnis zu der nachstehend beschriebenen Datenerhebung und -verwendung. Sollten Sie sich damit nicht einverstanden erkl\u00e4ren, d\u00fcrfen Sie meine Website nicht nutzen. Sie k\u00f6nnen Ihre Einwilligung jederzeit mit Wirkung f\u00fcr die Zukunft widerrufen.<\/p>\n<p>Ich, David Montazer, Betreiber dieser Seiten, nehme den Schutz personenbezogener Daten meiner Nutzer auf montazer.net sehr ernst, weshalb ich die Vorschriften des <a href=\"https:\/\/www.gesetze-im-internet.de\/bdsg_1990\/\" target=\"_blank\">Bundesdatenschutz<\/a>&#8211; sowie des <a href=\"https:\/\/www.gesetze-im-internet.de\/tmg\/index.html\" target=\"_blank\">Telemediengesetzes<\/a> beachte und personenbezogene Daten vertraulich, entsprechend der genannten gesetzlichen Datenschutzvorschriften sowie dieser Datenschutzerkl\u00e4rung erhebe und verarbeite.<\/p>\n<p>Die Nutzung meiner Website unter den <span lang=\"en\"><span class=\" bs-popover\" title=\"URL\" data-toggle=\"popover\" data-content=\"Ein Uniform Resource Locator (Abk. URL; englisch f\u00fcr einheitlicher Ressourcenzeiger) identifiziert und lokalisiert eine Ressource&#44; beispielsweise eine Website \u00fcber die zu verwendende Zugriffsmethode (zum Beispiel das verwendete Netzwerkprotokoll wie HTTP oder FTP) und den Ort (engl. location) der Ressource in Computernetzwerken.<\/p>\n<p class='quelle'>Text basiert auf dem Wikipedia-Artikel <a href='https:\/\/de.wikipedia.org\/w\/index.php?title=Uniform_Resource_Locator&oldid=157545422' target='_blank'>URL<\/a>. <a href='https:\/\/de.wikipedia.org\/w\/index.php?title=Uniform_Resource_Locator&action=history' target='_blank'>Autorenliste<\/a>. Lizenz: <a href='http:\/\/creativecommons.org\/licenses\/by-sa\/3.0\/de\/legalcode' target='_blank'>CC-BY-SA 3.0<\/a>&#44; (<a href='http:\/\/creativecommons.org\/licenses\/by-sa\/3.0\/de\/' target='_blank'>Kurzfassung<\/a>).\" data-animation=\"true\" data-placement=\"top\" data-html=\"true\">URL<\/span><\/span>s montazer.net bzw. www.montazer.net ist in der Regel ohne Angabe personenbezogener Daten m\u00f6glich. Sollten auf diesen Seiten dennoch personenbezogene Daten (z.B. Name, Geschlecht, Titel, Anschrift, E-Mail-Adresse oder Referenzen) bspw. zum Zwecke einer Kontaktaufnahme, einer Newsletteranmeldung oder f\u00fcr die Nutzung der Kommentarfunktion notwendigerweise erhoben werden, erfolgt dies, soweit m\u00f6glich, stets auf freiwilliger Basis. Die Daten, welche f\u00fcr die Nutzungsm\u00f6glichkeit der Kommentarfunktionen erhobenen werden, sind, bedingt durch die Funktionsweise der Kommentarfunktion, \u00f6ffentlich und damit \u00f6ffentlich einsehbar. Daher sollten Sie bei Nutzung dieser Funktion auf die Angabe des Namens und der E-Mail-Adresse ein besonderes Augenmerk legen. Die Angabe eines fiktiven Namens schr\u00e4nkt bspw. die Funktionalit\u00e4t der Kommentarfunktion nicht ein. Ohne Ihre ausdr\u00fcckliche Zustimmung werden keine der erhobenen Daten, au\u00dfer die f\u00fcr die Kommentarfunktion ben\u00f6tigten, an Dritte weitergegeben, was im Falle der Nutzung der Kommentarfunktion Ihrerseits Sie selbst durch Ihr eigenes Zutun mit der Ver\u00f6ffentlichung Ihres Kommentars erfolgt.<\/p>\n<p>Ich weise ferner darauf hin, dass die Daten\u00fcbertragung im Internet (z.B. bei der Kommunikation per E-Mail, selbst bei Verwendung von Verschl\u00fcsselungsverfahren mittels m\u00f6glicherweise gef\u00e4lschter Zertifikate oder so genannter <a href=\"https:\/\/de.wikipedia.org\/wiki\/Man-in-the-Middle-Angriff\" target=\"_blank\">Man-In-The-Middle-Angriffe<\/a>) Sicherheitsl\u00fccken aufweisen kann. Daher ist in einem Netzwerk wie das Internet ein hundertprozentiger Schutz der Daten vor dem Zugriff durch Dritte nicht m\u00f6glich.<\/p>\n<h3>Kontaktformular<\/h3>\n<p>Wenn Sie mich per E-Mail kontaktieren, werden Ihre Angaben aus den Formularfeldern Ihres <span lang=\"en\"><span class=\" bs-popover\" title=\"Mail-Clients\" data-toggle=\"popover\" data-content=\"Als E-Mail-Programm (bzw. E-Mail-Client oder Mail-Client; technisch Mail User Agent&#44; abgek\u00fcrzt MUA) bezeichnet man ein Programm&#44; mit dem E-Mails empfangen&#44; gelesen&#44; geschrieben und versendet werden.<\/p>\n<p class='quelle'>Text basiert auf dem Wikipedia-Artikel <a href='https:\/\/de.wikipedia.org\/w\/index.php?title=E-Mail-Programm&oldid=153565793' target='_blank'>Mail-Clients<\/a>. <a href='https:\/\/de.wikipedia.org\/w\/index.php?title=E-Mail-Programm&action=history' target='_blank'>Autorenliste<\/a>. Lizenz: <a href='http:\/\/creativecommons.org\/licenses\/by-sa\/3.0\/de\/legalcode' target='_blank'>CC-BY-SA 3.0<\/a>&#44; (<a href='http:\/\/creativecommons.org\/licenses\/by-sa\/3.0\/de\/' target='_blank'>Kurzfassung<\/a>).\" data-animation=\"true\" data-placement=\"top\" data-html=\"true\">Mail-Clients<\/span><\/span>, bzw. des zur einfacheren Kontaktaufnahme auf montazer.net zu Verf\u00fcgung gestellten Kontaktformulars, zwecks Bearbeitung Ihrer aktuellen und eventuell zuk\u00fcnftiger Anfragen gespeichert. Diese Daten werden ohne Ihre ausdr\u00fcckliche Einwilligung nicht an Dritte weitergegeben.<\/p>\n<h3>Kommentarabonnements<\/h3>\n<p>Die Nachfolgekommentare k\u00f6nnen durch Nutzer abonniert werden. Die Nutzer erhalten eine Best\u00e4tigungsemail, um zu \u00fcberpr\u00fcfen, ob sie der Inhaber der eingegebenen Emailadresse sind. Nutzer k\u00f6nnen laufende Kommentarabonnements jederzeit abbestellen. Die Best\u00e4tigungsemail wird Hinweise dazu enthalten.<\/p>\n<h3>Cookies<\/h3>\n<p>Die Internetseiten auf montazer.net verwenden z.T. so genannte Cookies. Cookies sind kleine Textdateien, die auf Ihrem Computer, Tablet, Smartphone oder sonstigem Endger\u00e4t mit dem Sie gerade diesen Text lesen, gespeichert werden und dazu dienen, z.B. Ger\u00e4te und Browser wiederzuerkennen und statistische Daten \u00fcber die Art der Webseitennutzung, also auch das Nutzerverhalten, zu erfassen. Cookies sind weder Viren, noch enthalten sie welche und richten auf Ihrem Ger\u00e4t auch keinen Schaden an. Statistiken, die mit Hilfe von Cookies erzeugt werden, sollen dazu beitragen, das Angebot auf montazer.net nutzerfreundlicher, effektiver und sicherer zu machen.<\/p>\n<p>Die meisten der auf montazer.net durch die Programm-Funktionen des eingesetzten <span lang=\"en\">Content-Management-System (<abbr>CMS<\/abbr>)<\/span> erzeugten Cookies sind so genannte \u201eSession-Cookies\u201c. Sie werden am Ende Ihres Besuchs (Ende der Browser-Sitzung) automatisch von Ihrem System gel\u00f6scht. Andere Cookies bleiben auf Ihrem System teilweise \u00fcber Jahre gespeichert (so genannte Langzeit-Cookies). Diese Langzeit-Cookies sollten Sie in regelm\u00e4\u00dfigen Abst\u00e4nden l\u00f6schen.<\/p>\n<p>Sie k\u00f6nnen Ihren <a href=\"http:\/\/www.allaboutcookies.org\/ge\/\" target=\"_blank\">Browser so einrichten<\/a>, da\u00df Sie vor dem Speichern von Cookies benachrichtigt werden, um im Einzelfall selber zu entscheiden, ob Sie das Speichern dieser Cookies zulassen oder verbieten wollen. Sie k\u00f6nnen das Speichern von Cookies fallspezifisch oder ganz generell ausschlie\u00dfen, oder etwa das automatische L\u00f6schen der Cookies beim Beenden des Programms und Schlie\u00dfen des Browsers aktivieren, was den Einsatz von textbasierten Langzeit-Cookies ausschlie\u00dft. <span lang=\"en\"><span class=\" bs-popover\" title=\"Flash-Cookies\" data-toggle=\"popover\" data-content=\"Flash-Cookies sind am Zielrechner nicht leicht zu verwalten und haben in der Regel eine l\u00e4ngere Verweildauer als normale Text-Cookies. Weil in sie gro\u00dfe Mengen benutzerspezifischer Daten geschrieben werden&#44; die sp\u00e4ter wieder ausgelesen werden k\u00f6nnen&#44; stellen sie ein Datenschutz-Problem dar.<\/p>\n<p class='quelle'>Text basiert auf dem Wikipedia-Artikel <a href='https:\/\/de.wikipedia.org\/w\/index.php?title=Flash-Cookie&oldid=153523708' target='_blank'>Flash-Cookies<\/a>. <a href='https:\/\/de.wikipedia.org\/w\/index.php?title=Flash-Cookie&action=history' target='_blank'>Autorenliste<\/a>. Lizenz: <a href='http:\/\/creativecommons.org\/licenses\/by-sa\/3.0\/de\/legalcode' target='_blank'>CC-BY-SA 3.0<\/a>&#44; (<a href='http:\/\/creativecommons.org\/licenses\/by-sa\/3.0\/de\/' target='_blank'>Kurzfassung<\/a>).\" data-animation=\"true\" data-placement=\"top\" data-html=\"true\">Flash-Cookies<\/span><\/span>, die u.a. wegen ihrer browser\u00fcbergreifenden Funktionalit\u00e4t ein gro\u00dfes Datenschutzproblem darstellen, setze ich generell nicht ein. Bei einer generellen Deaktivierung von Cookies kann die Funktionalit\u00e4t dieser Website eingeschr\u00e4nkt sein.<\/p>\n<\/div>\n<h2 class=\"hyphenate\">Sonstige Datenspeicherung<\/h2>\n<div class=\"col hyphenate\">\n<h3>Webserver-Logdatei<\/h3>\n<p>Der <span lang=\"en\">Internet Service Provider (<span class=\" bs-popover\" title=\"ISP\" data-toggle=\"popover\" data-content=\"Internetdienstanbieter oder Internetdienstleister (englisch Internet Service Provider&#44; abgek\u00fcrzt ISP oder Internet Access Provider)&#44; im deutschsprachigen Raum auch oft nur Provider&#44; umgangssprachlich meist nur Internetanbieter oder Internetprovider genannt&#44; sind Anbieter von Diensten&#44; Inhalten oder technischen Leistungen&#44; die f\u00fcr die Nutzung oder den Betrieb von Inhalten und Diensten im Internet erforderlich sind.<\/p>\n<p class='quelle'>Text basiert auf dem Wikipedia-Artikel <a href='https:\/\/de.wikipedia.org\/w\/index.php?title=Internetdienstanbieter&oldid=153849724' target='_blank'>ISP<\/a>. <a href='https:\/\/de.wikipedia.org\/w\/index.php?title=Internetdienstanbieter&action=history' target='_blank'>Autorenliste<\/a>. Lizenz: <a href='http:\/\/creativecommons.org\/licenses\/by-sa\/3.0\/de\/legalcode' target='_blank'>CC-BY-SA 3.0<\/a>&#44; (<a href='http:\/\/creativecommons.org\/licenses\/by-sa\/3.0\/de\/' target='_blank'>Kurzfassung<\/a>).\" data-animation=\"true\" data-placement=\"top\" data-html=\"true\">ISP<\/span>)<\/span>, auf dessen Server diese Seiten angeboten werden, erhebt und speichert automatisch Informationen in so genannten Server-Logfiles. Diese Informationen werden bspw. bei jedem Seitenaufruf automatisch durch Ihren Browser an die beteiligten Server \u00fcbermittelt. Dies sind u.a.:<\/p>\n<ul>\n<li>IP-Adresse des anfordernden Hosts<\/li>\n<li>Zeitstempel (Datum, Uhrzeit, Zeitverschiebung), also Uhrzeit der Serveranfrage<\/li>\n<li>Anforderung des betreffenden Inhalts, \u00dcbertragungsprotokoll<\/li>\n<li><span lang=\"en\"><span class=\" bs-popover\" title=\"Referrer URL\" data-toggle=\"popover\" data-content=\"Ein Referrer ist die Internetadresse der Webseite&#44; von der der Benutzer durch Anklicken eines Links zu der aktuellen Seite gekommen ist (englisch to refer \u201everweisen\u201c). Beim Abruf der Seite wird der Referrer an den Server&#44; der die Seite bereitstellt&#44; \u00fcbermittelt. Der Referrer wird ebenfalls bei Dateien \u00fcbermittelt&#44; die in die abgerufene Seite eingebunden sind (z. B. Bilder&#44; JavaScript-Bibliotheken&#44; externe Stylesheets)&#44; ohne dass es einer gesonderten Benutzeraktion bedarf.\n<p class='quelle'>Text basiert auf dem Wikipedia-Artikel <a href='https:\/\/de.wikipedia.org\/w\/index.php?title=Referrer&oldid=151558682' target='_blank'>Referrer URL<\/a>. <a href='https:\/\/de.wikipedia.org\/w\/index.php?title=Referrer&action=history' target='_blank'>Autorenliste<\/a>. Lizenz: <a href='http:\/\/creativecommons.org\/licenses\/by-sa\/3.0\/de\/legalcode' target='_blank'>CC-BY-SA 3.0<\/a>&#44; (<a href='http:\/\/creativecommons.org\/licenses\/by-sa\/3.0\/de\/' target='_blank'>Kurzfassung<\/a>).\" data-animation=\"true\" data-placement=\"top\" data-html=\"true\">Referrer URL<\/span><\/span><\/li>\n<li><span lang=\"en\"><span class=\" bs-popover\" title=\"Hostname\" data-toggle=\"popover\" data-content=\"Der Hostname (auch Sitename) ist die eindeutige Bezeichnung eines Rechners in einem Netzwerk. Dieser Name wird dem sich mit dem Internet verbindenden Rechner (heutzutage in der Regel ein kleiner Router-Kasten) vom Internet-Service-Provider Ihres Vertrauens vorgegeben. Er ist nicht mit dem Namen zu verwechseln&#44; den Ihr PC&#44; Notebook&#44; Smartphone oder sonstige&#44; mit einem Browser ausgestatteten internetf\u00e4higen Endger\u00e4te besitzen.\n<p class='quelle'>Text basiert auf dem Wikipedia-Artikel <a href='https:\/\/de.wikipedia.org\/w\/index.php?title=Hostname&oldid=154556322' target='_blank'>Hostname<\/a>. <a href='https:\/\/de.wikipedia.org\/w\/index.php?title=Hostname&action=history' target='_blank'>Autorenliste<\/a>. Lizenz: <a href='http:\/\/creativecommons.org\/licenses\/by-sa\/3.0\/de\/legalcode' target='_blank'>CC-BY-SA 3.0<\/a>&#44; (<a href='http:\/\/creativecommons.org\/licenses\/by-sa\/3.0\/de\/' target='_blank'>Kurzfassung<\/a>).\" data-animation=\"true\" data-placement=\"top\" data-html=\"true\">Hostname<\/span><\/span> des zugreifenden Rechners<\/li>\n<li>Browsertyp, Browserversion und unterst\u00fctzte Sprachversion<\/li>\n<li>verwendetes Betriebssystem<\/li>\n<\/ul>\n<p>Diese Daten sind ohne eine Zusammenf\u00fchrung mit anderen Datenquellen nicht bestimmten Personen zuzuordnen. Ich weise darauf hin, da\u00df meinerseits keine Zusammenf\u00fchrung dieser Daten mit anderen Datenquellen vorgenommen werden. Sollten mir allerdings konkrete Anhaltspunkte f\u00fcr eine rechtswidrige Nutzung bekannt werden, behalte ich mir vor, diese Daten nachtr\u00e4glich zu pr\u00fcfen. Ansonsten verwende ich diese Daten ausschlie\u00dflich daf\u00fcr, den Betrieb und den Schutz meiner Website vor Angriffen und Missbrauch aufrechtzuerhalten.<\/p>\n<p>Auf <a href=\"http:\/\/perlmania.bplaced.net\/browsercheck\/\" target=\"_blank\">perlmania.bplaced.net<\/a> erhalten Sie zur Verdeutlichung und dem besseren Verst\u00e4ndnis einen recht deutlichen Einblick bzgl. der Daten, die Ihr Browser beim Aufruf einer Websieite so preisgibt. Auf der Domain <a href=\"https:\/\/www.privacy-handbuch.de\/print.htm\" target=\"_blank\">privacy-handbuch.de<\/a> finden Sie <a href=\"https:\/\/netzpolitik.org\/2017\/durchsuchungen-wegen-linksunten-doch-keine-waffen-bei-journalisten-gefunden\/\" target=\"_blank\">linksunten<\/a> ebenfalls ein paar Informationen, die Ihr Browser preisgibt, aber auch ein Handbuch mit Anleitungen zur sichereren Internet-Nutzung.<\/p>\n<h3>Weitere beteiligte Server<\/h3>\n<p>Netzwerke wie das Internet ben\u00f6tigen au\u00dfer den bereits erw\u00e4hnten <span lang=\"en\">Webservern<\/span> noch weitere Server-Dienste, u.a. <span lang=\"en\">DNS<\/span>&#8211; und <span lang=\"en\"><abbr>DHCP<\/abbr>-Server<\/span>-Server sowie <span lang=\"en\">Router und Switches<\/span>. Diese k\u00f6nnen ebenfalls Daten speichern, die u.U. R\u00fcckschl\u00fcsse auf das Nutzerverhalten der <span lang=\"en\">Internetsurfer<\/span> erlauben. Allerdings haben i.d.R. nur die Betreiber der entsprechenden Server-Dienste Zugriff auf diese Daten, womit der Kreis der Personen mit entsprechenden Zugriffsrechten auf die Daten der <a href=\"https:\/\/de.wikipedia.org\/wiki\/Internetdienstanbieter\" target=\"_blank\" lang=\"en\">Internet Service Provider (<abbr>ISP<\/abbr>)<\/a> und den <a href=\"https:\/\/de.wikipedia.org\/wiki\/Internetzugang\" target=\"_blank\" lang=\"en\">Internet Access Providern (<abbr>IAP<\/abbr>)<\/a>, die meist identisch sind, recht \u00fcberschaubar bleibt, die staatlichen Zugriffsm\u00f6glichkeiten mal au\u00dfer Acht gelassen. Ich, als Betreiber dieser Website, habe keinen Zugriff auf diese Daten. Sollten Sie Informationen zu diesen Daten ben\u00f6tigen, kontaktieren Sie Ihren Internet Service Provider.<\/p>\n<\/div>\n<h2 class=\"hyphenate\">Externe Dienste und Inhalte<\/h2>\n<div class=\"col hyphenate\">\n<h3>Multimedia<\/h3>\n<p>Ich verwende auf meiner Website zur besseren <a href=\"https:\/\/de.wikipedia.org\/wiki\/Rezeption_%28Kunst%29\" target=\"_blank\">Rezeption<\/a> der angebotenen Informationen seitens der Besucher, wo immer es m\u00f6glich und geboten erscheint, eigene sowie fremde Multimedia-Inhalte wie Video- und Audio-Materialien, welche ich aus Effizienzgr\u00fcnden (Leistungsf\u00e4higkeit, Bandbreite, etc.) durch Verlinkung oder Einbettung von Inhalten externer Drittanbieter wie bspw. <a href=\"https:\/\/de.wikipedia.org\/wiki\/Vimeo\" target=\"_blank\" lang=\"en\">Vimeo<\/a> und <a href=\"https:\/\/de.wikipedia.org\/wiki\/YouTube\" target=\"_blank\" lang=\"en\">YouTube<\/a> in meinen Seiten \u00f6ffentlich zug\u00e4nglich mache. Bei jedem Aufruf eines meiner Webseiten, in der derartige Inhalte eingebettet bzw. verlinkt sind, werden diese Multimedia-Daten von den Servern der jeweiligen Anbieter abgerufen. Was die jeweiligen Portal-Anbieter mit den dadurch entstehenden Daten anstellen, kann sich von Fall zu Fall und im Verlauf der Zeit unterscheiden. F\u00fcr die damit verbundene Verwendung der Daten, die Ihr Browser bzw. Endger\u00e4t an diese Portal-Anbieter \u00fcbermittelt, verweise ich deshalb auf die jeweiligen Datenschutzhinweise der Anbieter. Weitere Informationen zum Umgang mit diesen Nutzerdaten finden Sie z.B. in der Datenschutzerkl\u00e4rung von Vimeo unter <a href=\"https:\/\/vimeo.com\/privacy\" target=\"_blank\">https:\/\/vimeo.com\/privacy<\/a>, bzw. von YouTube unter <a href=\"https:\/\/www.google.de\/intl\/de\/policies\/privacy\" target=\"_blank\">https:\/\/www.google.de\/intl\/de\/policies\/privacy<\/a>.<\/p>\n<h3>Karten &amp; Navigation<\/h3>\n<p>Ben\u00f6tigtes Kartenmaterial mit geographischen Daten beziehe ich f\u00fcr meine Website aus der Datenbank des <a href=\"https:\/\/de.wikipedia.org\/wiki\/OpenStreetMap\" target=\"_blank\" lang=\"en\">OpenStreetMap (<abbr>OSM<\/abbr>)<\/a>-Projekts gem\u00e4\u00df der <a href=\"http:\/\/wiki.openstreetmap.org\/wiki\/DE:Open_Database_License\" target=\"_blank\" lang=\"en\">Open Database License (<abbr>ODbL<\/abbr>)<\/a>.<\/p>\n<\/div>\n<h2 class=\"hyphenate\">Rechte &amp; Pflichten<\/h2>\n<div class=\"col hyphenate\">\n<h3>Auskunft, L\u00f6schung, Sperrung<\/h3>\n<p>Sollten keine Geheimhaltungsinteressen einer Auskunft entgegenstehen, haben Sie nach <a href=\"https:\/\/dejure.org\/gesetze\/BDSG\/34.html\" target=\"_blank\">\u00a7&nbsp;34 BDSG<\/a> grunds\u00e4tzlich das Recht auf unentgeltliche Auskunft \u00fcber die zu Ihrer Person gespeicherten Daten, auch in Bezug auf deren Herkunft, den Empf\u00e4nger oder die Kategorien von Empf\u00e4ngern, an die Daten weitergegeben werden und den Zweck der Speicherung. Ferner haben Sie nach <a href=\"https:\/\/dejure.org\/gesetze\/BDSG\/35.html\" target=\"_blank\">\u00a7&nbsp;35 BDSG<\/a> ein Recht auf Berichtigung fehlerhafter, veralteter oder sonst wie unrichtig erfasster Daten, sowie L\u00f6schung der Daten, wenn die Speicherung unzul\u00e4ssig ist, die Richtigkeit von mir nicht nachgewiesen werden kann oder der Zweck der Datenverarbeitung erf\u00fcllt ist, sowie der Sperrung dieser Daten, sofern dem gesetzliche, satzungsm\u00e4\u00dfige oder vertragliche Aufbewahrungsfristen nicht entgegenstehen, eine L\u00f6schung schutzw\u00fcrdige Interessen des Betroffenen beeintr\u00e4chtigen w\u00fcrden, oder eine L\u00f6schung einen unverh\u00e4ltnism\u00e4\u00dfigen Aufwand bedeuten w\u00fcrde. Kontaktieren Sie mich bitte in solchen F\u00e4llen \u00fcber die im Impressum angegebene Anschrift.<\/p>\n<h3>Widerspruch Werbe-E-Mails<\/h3>\n<p>Der Nutzung meiner im Rahmen der <a href=\"https:\/\/de.wikipedia.org\/wiki\/Impressumspflicht\" target=\"_blank\">Impressumspflicht<\/a> ver\u00f6ffentlichten Kontaktdaten f\u00fcr Werbezwecke oder f\u00fcr die Markt- und Meinungsforschung oder zur Versendung von nicht ausdr\u00fccklich angeforderter Werbung und Informationsmaterialien wird hiermit ausdr\u00fccklich widersprochen. Ich, David Montazer, Betreiber dieser Seiten behalte mir im Falle der unverlangten Zusendung von Werbeinformationen, etwa durch Briefkasten-Werbung oder Spam&shy;-E&shy;-Mails, aus&shy;dr\u00fcck&shy;lich recht&shy;li&shy;che Schritte vor.<\/p>\n<\/div>\n","protected":false},"excerpt":{"rendered":"<p>Schutz personenbezogener Daten Datenschutz Mit dieser Datenschutzerkl\u00e4rung unterrichte ich Sie gem\u00e4\u00df \u00a7&nbsp;13 TMG \u00fcber Art, Umfang und Zweck der Erhebung und Verwendung personenbezogener Daten sowie \u00fcber die Verarbeitung Ihrer Daten. Mit der Nutzung meines Website-Angebotes erkl\u00e4ren Sie Ihr Einverst\u00e4ndnis zu der nachstehend beschriebenen Datenerhebung und -verwendung. Sollten Sie sich damit nicht einverstanden erkl\u00e4ren, d\u00fcrfen Sie [&hellip;]<\/p>\n","protected":false},"author":2,"featured_media":133,"parent":0,"menu_order":0,"comment_status":"closed","ping_status":"closed","template":"","meta":{"_acf_changed":false,"footnotes":""},"class_list":["post-47","page","type-page","status-publish","has-post-thumbnail","czr-hentry"],"acf":[],"_links":{"self":[{"href":"https:\/\/www.montazer.net\/de\/wp-json\/wp\/v2\/pages\/47","targetHints":{"allow":["GET"]}}],"collection":[{"href":"https:\/\/www.montazer.net\/de\/wp-json\/wp\/v2\/pages"}],"about":[{"href":"https:\/\/www.montazer.net\/de\/wp-json\/wp\/v2\/types\/page"}],"author":[{"embeddable":true,"href":"https:\/\/www.montazer.net\/de\/wp-json\/wp\/v2\/users\/2"}],"replies":[{"embeddable":true,"href":"https:\/\/www.montazer.net\/de\/wp-json\/wp\/v2\/comments?post=47"}],"version-history":[{"count":1,"href":"https:\/\/www.montazer.net\/de\/wp-json\/wp\/v2\/pages\/47\/revisions"}],"predecessor-version":[{"id":907,"href":"https:\/\/www.montazer.net\/de\/wp-json\/wp\/v2\/pages\/47\/revisions\/907"}],"wp:featuredmedia":[{"embeddable":true,"href":"https:\/\/www.montazer.net\/de\/wp-json\/wp\/v2\/media\/133"}],"wp:attachment":[{"href":"https:\/\/www.montazer.net\/de\/wp-json\/wp\/v2\/media?parent=47"}],"curies":[{"name":"wp","href":"https:\/\/api.w.org\/{rel}","templated":true}]}}