{"id":28,"date":"2015-12-15T16:58:56","date_gmt":"2015-12-15T15:58:56","guid":{"rendered":"http:\/\/www.montazer.net\/de\/?page_id=28"},"modified":"2025-07-25T22:27:19","modified_gmt":"2025-07-25T20:27:19","slug":"about","status":"publish","type":"page","link":"https:\/\/www.montazer.net\/de\/about","title":{"rendered":"Impressum"},"content":{"rendered":"<div class=\"article-top\"><img loading=\"lazy\" decoding=\"async\" class=\"alignnone size-full wp-image-83\" title=\"M\u00fcnchen, Hbf\" src=\"https:\/\/www.montazer.net\/de\/wp-content\/uploads\/sites\/2\/2016\/06\/IMG_20151011_180520.jpg\" alt=\"M\u00fcnchen, Hbf\" width=\"1170\" height=\"294\" \/><\/div>\n<div class=\"col2 hyphenate\">\n<hgroup>\n<h2>V.i.S.d.P. und \u00a75 des TMG<\/h2>\n<h6>Verantwortlich im Sinne des deutschen Presserechts (V.i.S.d.P.) und Telemediengesetz (TMG)<\/h6>\n<\/hgroup>\n<p class=\"hyphenate\">David Montazer, Pilgersheimer Str. 8, 81543 M\u00fcnchen<br \/>\nTelefon: auf Anfrage, E-Mail: <a href=\"mailto:david@montazer.net\">david@montazer.net<\/a><br \/>\n<a title=\"Artikel zu OpenPGP auf Wikipedia\" href=\"https:\/\/de.wikipedia.org\/wiki\/OpenPGP\" target=\"_blank\" rel=\"noopener\">OpenPGP<\/a>-Schl\u00fcssel f\u00fcr verschl\u00fcsselte Kommunikation:<br \/>\n<a title=\"Der Schl\u00fcssel kann von einem \u00f6ffentlichen Schl\u00fcsselserver heruntergeladen werden\" href=\"https:\/\/keys.openpgp.org\/search?q=4aa8b94e9789e809\" target=\"_blank\" rel=\"noopener\">0x9789E809<\/a>\u00a0\u00a0vom \u00f6ffentlichen Server herunter laden<br \/>\n<a class=\"download\" title=\"Der Schl\u00fcssel kann von diesem Server heruntergeladen werden\" href=\"https:\/\/www.montazer.net\/de\/wp-content\/uploads\/sites\/2\/2016\/06\/david.montazer.gpgkey.asc\">0x9789E809<\/a>\u00a0\u00a0von diesem Server herunter laden<br \/>\n<a title=\"Artikel zu PGP-Fingerprint auf Wikipedia\" href=\"https:\/\/de.wikipedia.org\/wiki\/Schl%C3%BCssel_%28Kryptologie%29#Schl.C3.BCssel_bei_asymmetrischen_Verfahren\" target=\"_blank\" rel=\"noopener\">Fingerabdruck<\/a>\u00a0\u00a0065B 5944 E442 42C0 5727\u00a0\u00a001A8 4AA8 B94E 9789 E809<\/p>\n<div class=\"pbi\">\n<h3>Hinweis<\/h3>\n<ul>\n<li>Dieses Impressum gilt f\u00fcr die Domain montazer.net und den dazugeh\u00f6rigen Subdomains<\/li>\n<li>Ich widerspreche ausdr\u00fccklich der Nutzung und\/oder \u00dcbermittlung meiner hier genannten Kontaktdaten f\u00fcr kommerzielle Zwecke sowie f\u00fcr jedwede Markt- bzw. Meinungsforschung <a href=\"https:\/\/www.gesetze-im-internet.de\/bdsg_1990\/__28.html\" target=\"_blank\" rel=\"noopener\">(\u00a728 Abs.4 BDSG)<\/a>.<\/li>\n<li>Zur <a href=\"https:\/\/de.wikipedia.org\/w\/index.php?title=Presserechtliche_Verantwortlichkeit&amp;oldid=222646146\" target=\"_blank\">Presserechtlichen Verantwortlichkeit<\/a>, bzw. zum <a href=\"https:\/\/de.wikipedia.org\/w\/index.php?title=Presserecht&amp;oldid=220627319\" target=\"_blank\">Presserecht<\/a> sollte jedem bewu\u00dft sein, da\u00df Deutschland nicht der Nabel der Welt ist und <a href=\"https:\/\/en.wikipedia.org\/w\/index.php?title=Press_laws&amp;oldid=1005603126\" target=\"_blank\">Geschichte von Zeit zu Zeit neu geschrieben wird<\/a>.<\/li>\n<\/ul>\n<\/div>\n<h3 id=\"contact\">Quellenangaben<\/h3>\n<p><strong>Texte:<\/strong> Alle Artikel auf den Seiten unter montazer.net, www.montazer.net und david.montazer.net, au\u00dfer den Tooltips, stammen aus meiner (David Montazer) Feder.<br \/>\n<strong>Tooltips:<\/strong> Die Infotexte in den so genannten <span class=\" bs-popover\" title=\"Tooltips\" data-toggle=\"popover\" data-content=\"Ein Tooltip ist ein kleines Pop-up-Fenster in Anwendungsprogrammen oder Webseiten. Es zeigt eine Beschreibung zu einem Element der grafischen Benutzungsoberfl\u00e4che.<\/p>\n<p class='quelle'>Text basiert auf dem Wikipedia-Artikel <a href='https:\/\/de.wikipedia.org\/w\/index.php?title=Tooltip&amp;oldid=149901864' target='_blank'>Tooltips<\/a>. <a href='https:\/\/de.wikipedia.org\/w\/index.php?title=Tooltip&amp;action=history' target='_blank'>Autorenliste<\/a>. Lizenz: <a href='http:\/\/creativecommons.org\/licenses\/by-sa\/3.0\/de\/legalcode' target='_blank'>CC-BY-SA 3.0<\/a>&#44; (<a href='http:\/\/creativecommons.org\/licenses\/by-sa\/3.0\/de\/' target='_blank'>Kurzfassung<\/a>).\" data-animation=\"true\" data-placement=\"top\" data-html=\"true\">Tooltips<\/span> stammen \u00fcberwiegend aus der <a href=\"https:\/\/www.wikipedia.org\/\">Wikipedia<\/a>. Dementsprechend unterliegen sie der gleichen <a lang=\"en\" href=\"https:\/\/de.wikipedia.org\/wiki\/Wikipedia:Lizenzbestimmungen_Creative_Commons_Attribution-ShareAlike_3.0_Unported\" target=\"_blank\" rel=\"noopener\">\u201eCreative Commons Attribution\/Share Alike\u201c-Lizenz<\/a>, wie sie auf wikipedia.org ver\u00f6ffentlicht wurden.<br \/>\n<strong>Bilder:<\/strong> Alle Bilder auf montazer.net wurden von mir, David Montazer, erstellt und bearbeitet. <strong>Ausnahmen:<\/strong> Die <span class=\" bs-popover\" title=\"Webtypografie\" data-toggle=\"popover\" data-content=\"Icon-Fonts sind Webfonts&#44; die Icons statt Buchstaben darstellen und vor allem als funktionale Piktogramme verwendet werden. Sie sind eine Alternative zu reinen Bilddateien oder <a href='https:\/\/de.wikipedia.org\/wiki\/CSS-Sprites' target='_blank'>CSS-Sprites<\/a>. Da Icon-Fonts meist als Vektorschriften angelegt werden&#44; k\u00f6nnen diese grafisch skalieren und haben eine geringere Dateigr\u00f6\u00dfe als Pixel-Icons.<\/p>\n<p class='quelle'>Text basiert auf dem Wikipedia-Artikel <a href='https:\/\/de.wikipedia.org\/w\/index.php?title=Webtypografie&amp;oldid=157537906#Icon-Fonts' target='_blank'>Webtypografie<\/a>. <a href='https:\/\/de.wikipedia.org\/w\/index.php?title=Webtypografie&amp;action=history' target='_blank'>Autorenliste<\/a>. Lizenz: <a href='http:\/\/creativecommons.org\/licenses\/by-sa\/3.0\/de\/legalcode' target='_blank'>CC-BY-SA 3.0<\/a>&#44; (<a href='http:\/\/creativecommons.org\/licenses\/by-sa\/3.0\/de\/' target='_blank'>Kurzfassung<\/a>).\" data-animation=\"true\" data-placement=\"top\" data-html=\"true\">Icon-Fonts<\/span> stammen von <a lang=\"en\" href=\"http:\/\/fontawesome.io\/\" target=\"_blank\" rel=\"noopener\">Font Awesome<\/a>. Das CC-BY-SA Icon am unteren rechten Rand der Seite stammt von <a href=\"https:\/\/creativecommons.org\/\" target=\"_blank\" rel=\"noopener\">Creative Commons<\/a>. Sollten Bilder aus weiteren Quellen genutzt werden, stehen die Informationen zu Herkunft und Lizenzbedingung neben dem jeweiligen Bild.<br \/>\n<strong>Multimedia:<\/strong> Die auf montazer.net angebotenen Videos bzw. Audio-Daten werden i.d.R. auf den Servern der jeweiligen Anbieter, z.B. YouTube, Vimeo, etc. gehostet. Sich u.U. daraus ergebende Lizenz- oder Urheberrechtsfragen werden auf der <a href=\"https:\/\/www.montazer.net\/de\/privacy\">Seite Datenschutzerkl\u00e4rung<\/a> beantwortet.<\/p>\n<\/div>\n<h2 class=\"hyphenate\">Haftungsausschluss<\/h2>\n<div class=\"col hyphenate\">\n<h3>Haftung f\u00fcr Inhalte<\/h3>\n<p>Inhaltlich verantwortlich f\u00fcr die einzelnen Web-Seiten ist die jeweilige Einrichtung oder Person, welche als Informations-Anbieter auftritt. Die Inhalte auf der Domain montazer.net wurden mit gr\u00f6\u00dfter Sorgfalt erstellt. F\u00fcr die Richtigkeit, Vollst\u00e4ndigkeit und Aktualit\u00e4t der Inhalte kann ich jedoch keine Gew\u00e4hr \u00fcbernehmen. Als Dienstanbieter bin ich nach <a href=\"https:\/\/openjur.de\/g\/tmg\/7.html\" target=\"_blank\" rel=\"noopener\">\u00a7 7 Abs. 1 TMG<\/a> f\u00fcr eigene Inhalte auf diesen Seiten nach allgemein geltendem Recht verantwortlich. Als Diensteanbieter im Sinne der \u00a7\u00a7 8 bis 10 TMG bin ich allerdings nicht verpflichtet, fremde, von mir \u00fcbermittelte oder gespeicherte Informationen zu \u00fcberwachen oder nach Umst\u00e4nden zu forschen, die auf eine rechtswidrige T\u00e4tigkeit hinweisen. Verpflichtungen zur Entfernung oder Sperrung der Nutzung von Informationen nach allgemein geltendem Recht bleiben auch im Falle der Nichtverantwortlichkeit des Diensteanbieters unber\u00fchrt. Eine diesbez\u00fcgliche Haftung ist jedoch fr\u00fchestens ab dem Zeitpunkt der Kenntnis einer konkreten Rechtsverletzung m\u00f6glich. Sollten mir also entsprechende Rechtsverletzungen bekannt werden, werde ich diese Inhalte selbstverst\u00e4ndlich sofort entfernen.<\/p>\n<h3>Haftung f\u00fcr Hyperlinks<\/h3>\n<p>Meine Website auf der Domain montazer.net enth\u00e4lt Links zu externen Websites, also Websites anderer, mit mir nicht verbundenen Anbietern, auf deren Inhalte ich keinen Einfluss habe. Daher kann ich f\u00fcr fremde Inhalte auch keine Gew\u00e4hr \u00fcbernehmen. F\u00fcr Inhalte auf den von mir verlinkten externen Webseiten ist im Allgemeinen der jeweilige Anbieter oder Betreiber der Seiten verantwortlich. Die verlinkten Seiten wurden meinerseits zum Zeitpunkt der Verlinkung auf m\u00f6gliche Rechtsverst\u00f6\u00dfe hin \u00fcberpr\u00fcft. Rechtswidrige Inhalte konnte ich zum Zeitpunkt der Verlinkung nicht erkennen. Eine permanente inhaltliche Kontrolle der zudem kontinuierlich wachsenden Anzahl der verlinkten Seiten ist jedoch ohne konkrete Anhaltspunkte einer Rechtsverletzung weder durchf\u00fchrbar, noch zumutbar. Sollten mir dennoch entsprechende Rechtsverletzungen bekannt werden, werde ich derartige Links selbstverst\u00e4ndlich sofort entfernen.<\/p>\n<\/div>\n<h2 class=\"hyphenate\">Rechtliche Hinweise<\/h2>\n<div class=\"col hyphenate\">\n<h3>Urheberrecht<\/h3>\n<p>Die von mir erstellten Inhalte und Werke, die auf der Domain montazer.net bereitgestellt werden, unterliegen dem deutschen Urheberrecht. Eine weitergehende Nutzung dieser auf der Domain montazer.net bereitgestellten Inhalte au\u00dferhalb dieser Domain ist, soweit f\u00fcr den Einzelfall nicht anders lautend, z.B. bei der Nutzung von Bildern, gem\u00e4\u00df Lizenz mit folgendem Hinweis gestattet:<br \/>\n\u00bbBild: Montazer.Net \/ <a href=\"https:\/\/www.montazer.net\" target=\"_blank\" rel=\"noopener\">David Montazer<\/a> \/ <a href=\"http:\/\/creativecommons.org\/licenses\/by-sa\/4.0\/\" target=\"_blank\" rel=\"noopener\">CC-BY-SA 4.0<\/a>\u00ab.<br \/>\nHierbei m\u00fcssen der Name mit einem Link zur original Top-Level-Domain, also www.montazer.net, und f\u00fcr die Lizenzangabe mit einem Link zu CreativeCommons.Org, konkret also http:\/\/creativecommons.org\/licenses\/by-sa\/4.0\/, versehen werden. Bei Verwendung anderer Datentypen mu\u00df jeweils das Wort &#8222;Bild&#8220; durch &#8222;Text&#8220;, &#8222;Audio&#8220;, &#8222;Video&#8220;, etc., also entsprechend des verwendeten Datentyps, ersetzt werden! Bei Daten aus externen Quellen, wie bspw. YouTube, Vimeo, Twitter, RSS-Feeds &amp; Co., m\u00fcssen die Urheberrechte der jeweiligen Urheber bzw. Anbieter eingehalten werden.<\/p>\n<h3>Ohne Gew\u00e4hr<\/h3>\n<p>Ich habe alle Beitr\u00e4ge sorgf\u00e4ltig recherchiert. Ich \u00fcbernehme allerdings keinerlei Gew\u00e4hr f\u00fcr die Aktualit\u00e4t, Korrektheit, Vollst\u00e4ndigkeit oder Qualit\u00e4t der bereitgestellten Informationen. Haftungsanspr\u00fcche gegen den Autor, also gegen mich, welche sich auf Sch\u00e4den materieller, ideeller oder psychischer Art beziehen, die durch Nutzung oder Nichtnutzung der zu Verf\u00fcgung gestellten Informationen bzw. durch die Nutzung fehlerhafter und unvollst\u00e4ndiger Informationen verursacht wurden, sind grunds\u00e4tzlich ausgeschlossen, sofern seitens des Autors nachweislich kein vors\u00e4tzliches oder grob fahrl\u00e4ssiges Verschulden vorliegt, also sofern mir kein vors\u00e4tzliches oder grob fahrl\u00e4ssiges Verschulden nachgewiesen werden kann.<\/p>\n<h3>Nutzung der Kommentarfunktion<\/h3>\n<p>F\u00fcr Kommentare auf www.montazer.net zeichnen die jeweiligen Verfasser verantwortlich. Ich bitte alle Kommentatoren auf die <span class=\" bs-popover\" title=\"Netiquette\" data-toggle=\"popover\" data-content=\"Unter der Netiquette (auch Netikette geschrieben; ein Kofferwort aus dem englischen net f\u00fcr das \u201eNetz\u201c und dem franz\u00f6sischen etiquette f\u00fcr die \u201eVerhaltensregeln\u201c) versteht man das gute oder angemessene und achtende (respektvolle) Benehmen in der technischen (elektronischen) Kommunikation.<\/p>\n<p class='quelle'>Text basiert auf dem Wikipedia-Artikel <a href='https:\/\/de.wikipedia.org\/w\/index.php?title=Netiquette&amp;oldid=152358958' target='_blank'>Netiquette<\/a>. <a href='https:\/\/de.wikipedia.org\/w\/index.php?title=Netiquette&amp;action=history' target='_blank'>Autorenliste<\/a>. Lizenz: <a href='http:\/\/creativecommons.org\/licenses\/by-sa\/3.0\/de\/legalcode' target='_blank'>CC-BY-SA 3.0<\/a>&#44; (<a href='http:\/\/creativecommons.org\/licenses\/by-sa\/3.0\/de\/' target='_blank'>Kurzfassung<\/a>).\" data-animation=\"true\" data-placement=\"top\" data-html=\"true\">Netiquette<\/span> zu achten.<br \/>\nIch behalte mir die L\u00f6schung oder Bearbeitung einzelner Kommentare vor.<br \/>\nWerbung oder Verlinkungen auf kommerzielle Angebote innerhalb der Kommentare sind untersagt.<\/p>\n<h3>Spamverbot<\/h3>\n<p>Die Nutzung der im Rahmen des Impressums oder vergleichbarer Angaben ver\u00f6ffentlichten Kontaktdaten wie Postanschriften, Mobilfunk-, Telefon- und Faxnummern sowie EMail-Adressen durch Dritte zur \u00dcbersendung von nicht ausdr\u00fccklich angeforderten Informationen ist nicht gestattet.<\/p>\n<h3>Datenschutz<\/h3>\n<p>Sofern innerhalb des Internetangebotes die M\u00f6glichkeit zur Eingabe pers\u00f6nlicher oder gesch\u00e4ftlicher Daten (E-Mail-Adressen, Namen, Anschriften) besteht, so erfolgt die Preisgabe dieser Daten seitens des Nutzers ausdr\u00fccklich auf freiwilliger Basis. Die Daten werden nicht an Dritte weitergegeben. Auf der Seite Datenschutz finden Sie eine <a href=\"https:\/\/www.montazer.net\/de\/privacy\">ausf\u00fchrliche Datenschutzerkl\u00e4rung<\/a>.<\/p>\n<h3>Salvatorische Klausel<\/h3>\n<p>Dieser Haftungsausschluss ist als Teil meines Internetangebotes zu betrachten, von dem aus auf diese Seite verwiesen wurde. Sollten Teile oder einzelne Formulierungen dieses Textes der geltenden Rechtslage nicht, nicht mehr oder nicht vollst\u00e4ndig entsprechen, bleiben die \u00fcbrigen Teile des Dokumentes in ihrem Inhalt und ihrer G\u00fcltigkeit davon unber\u00fchrt.<\/p>\n<\/div>\n","protected":false},"excerpt":{"rendered":"<p>V.i.S.d.P. und \u00a75 des TMG Verantwortlich im Sinne des deutschen Presserechts (V.i.S.d.P.) und Telemediengesetz (TMG) David Montazer, Pilgersheimer Str. 8, 81543 M\u00fcnchen Telefon: auf Anfrage, E-Mail: david@montazer.net OpenPGP-Schl\u00fcssel f\u00fcr verschl\u00fcsselte Kommunikation: 0x9789E809\u00a0\u00a0vom \u00f6ffentlichen Server herunter laden 0x9789E809\u00a0\u00a0von diesem Server herunter laden Fingerabdruck\u00a0\u00a0065B 5944 E442 42C0 5727\u00a0\u00a001A8 4AA8 B94E 9789 E809 Hinweis Dieses Impressum gilt f\u00fcr [&hellip;]<\/p>\n","protected":false},"author":2,"featured_media":214,"parent":0,"menu_order":0,"comment_status":"closed","ping_status":"closed","template":"","meta":{"_acf_changed":false,"footnotes":""},"class_list":["post-28","page","type-page","status-publish","has-post-thumbnail","czr-hentry"],"acf":[],"_links":{"self":[{"href":"https:\/\/www.montazer.net\/de\/wp-json\/wp\/v2\/pages\/28","targetHints":{"allow":["GET"]}}],"collection":[{"href":"https:\/\/www.montazer.net\/de\/wp-json\/wp\/v2\/pages"}],"about":[{"href":"https:\/\/www.montazer.net\/de\/wp-json\/wp\/v2\/types\/page"}],"author":[{"embeddable":true,"href":"https:\/\/www.montazer.net\/de\/wp-json\/wp\/v2\/users\/2"}],"replies":[{"embeddable":true,"href":"https:\/\/www.montazer.net\/de\/wp-json\/wp\/v2\/comments?post=28"}],"version-history":[{"count":7,"href":"https:\/\/www.montazer.net\/de\/wp-json\/wp\/v2\/pages\/28\/revisions"}],"predecessor-version":[{"id":851,"href":"https:\/\/www.montazer.net\/de\/wp-json\/wp\/v2\/pages\/28\/revisions\/851"}],"wp:featuredmedia":[{"embeddable":true,"href":"https:\/\/www.montazer.net\/de\/wp-json\/wp\/v2\/media\/214"}],"wp:attachment":[{"href":"https:\/\/www.montazer.net\/de\/wp-json\/wp\/v2\/media?parent=28"}],"curies":[{"name":"wp","href":"https:\/\/api.w.org\/{rel}","templated":true}]}}